{"id":2172,"date":"2026-03-06T07:28:07","date_gmt":"2026-03-06T07:28:07","guid":{"rendered":"https:\/\/klepper.com.pl\/inwestycje\/osiedle-skandynawskie\/?page_id=2172"},"modified":"2026-03-10T12:47:12","modified_gmt":"2026-03-10T12:47:12","slug":"wkrotce-dostepne","status":"publish","type":"page","link":"https:\/\/klepper.com.pl\/inwestycje\/osiedle-skandynawskie\/wkrotce-dostepne\/","title":{"rendered":"Wkr\u00f3tce dost\u0119pne"},"content":{"rendered":"\t\t<div data-elementor-type=\"wp-page\" data-elementor-id=\"2172\" class=\"elementor elementor-2172\" data-elementor-post-type=\"page\">\n\t\t\t\t<div class=\"elementor-element elementor-element-e2619e0 e-flex e-con-boxed wpr-particle-no wpr-jarallax-no wpr-parallax-no wpr-sticky-section-no e-con e-parent\" data-id=\"e2619e0\" data-element_type=\"container\" data-settings=\"{&quot;background_background&quot;:&quot;classic&quot;}\">\n\t\t\t\t\t<div class=\"e-con-inner\">\n\t\t\t\t<div class=\"elementor-element elementor-element-7abad93 elementor-widget elementor-widget-heading\" data-id=\"7abad93\" data-element_type=\"widget\" data-widget_type=\"heading.default\">\n\t\t\t\t\t<h2 class=\"elementor-heading-title elementor-size-default\">Wkr\u00f3tce dost\u0119pne<\/h2>\t\t\t\t<\/div>\n\t\t\t\t<div class=\"elementor-element elementor-element-38dfd78 elementor-widget elementor-widget-button\" data-id=\"38dfd78\" data-element_type=\"widget\" data-widget_type=\"button.default\">\n\t\t\t\t\t\t\t\t\t\t<a class=\"elementor-button elementor-button-link elementor-size-sm\" href=\"https:\/\/klepper.com.pl\/inwestycje\/osiedle-skandynawskie\/\">\n\t\t\t\t\t\t<span class=\"elementor-button-content-wrapper\">\n\t\t\t\t\t\t\t\t\t<span class=\"elementor-button-text\">Powr\u00f3t na stron\u0119 g\u0142\u00f3wn\u0105<\/span>\n\t\t\t\t\t<\/span>\n\t\t\t\t\t<\/a>\n\t\t\t\t\t\t\t\t<\/div>\n\t\t\t\t<div class=\"elementor-element elementor-element-cc5895f elementor-widget elementor-widget-button\" data-id=\"cc5895f\" data-element_type=\"widget\" data-widget_type=\"button.default\">\n\t\t\t\t\t\t\t\t\t\t<a class=\"elementor-button elementor-button-link elementor-size-sm\" href=\"https:\/\/klepper.com.pl\/inwestycje\/osiedle-skandynawskie\/kontakt\">\n\t\t\t\t\t\t<span class=\"elementor-button-content-wrapper\">\n\t\t\t\t\t\t\t\t\t<span class=\"elementor-button-text\">Zapisz si\u0119 na list\u0119 mailingow\u0105<\/span>\n\t\t\t\t\t<\/span>\n\t\t\t\t\t<\/a>\n\t\t\t\t\t\t\t\t<\/div>\n\t\t\t\t\t<\/div>\n\t\t\t\t<\/div>\n\t\t\t\t<\/div>\n\t\t","protected":false},"excerpt":{"rendered":"<p>Wkr\u00f3tce dost\u0119pne Powr\u00f3t na stron\u0119 g\u0142\u00f3wn\u0105 Zapisz si\u0119 na list\u0119 mailingow\u0105<\/p>\n","protected":false},"author":2,"featured_media":0,"parent":0,"menu_order":0,"comment_status":"closed","ping_status":"closed","template":"","meta":{"_eb_attr":"","footnotes":""},"class_list":["post-2172","page","type-page","status-publish","hentry"],"_links":{"self":[{"href":"https:\/\/klepper.com.pl\/inwestycje\/osiedle-skandynawskie\/wp-json\/wp\/v2\/pages\/2172","targetHints":{"allow":["GET"]}}],"collection":[{"href":"https:\/\/klepper.com.pl\/inwestycje\/osiedle-skandynawskie\/wp-json\/wp\/v2\/pages"}],"about":[{"href":"https:\/\/klepper.com.pl\/inwestycje\/osiedle-skandynawskie\/wp-json\/wp\/v2\/types\/page"}],"author":[{"embeddable":true,"href":"https:\/\/klepper.com.pl\/inwestycje\/osiedle-skandynawskie\/wp-json\/wp\/v2\/users\/2"}],"replies":[{"embeddable":true,"href":"https:\/\/klepper.com.pl\/inwestycje\/osiedle-skandynawskie\/wp-json\/wp\/v2\/comments?post=2172"}],"version-history":[{"count":11,"href":"https:\/\/klepper.com.pl\/inwestycje\/osiedle-skandynawskie\/wp-json\/wp\/v2\/pages\/2172\/revisions"}],"predecessor-version":[{"id":5448,"href":"https:\/\/klepper.com.pl\/inwestycje\/osiedle-skandynawskie\/wp-json\/wp\/v2\/pages\/2172\/revisions\/5448"}],"wp:attachment":[{"href":"https:\/\/klepper.com.pl\/inwestycje\/osiedle-skandynawskie\/wp-json\/wp\/v2\/media?parent=2172"}],"curies":[{"name":"wp","href":"https:\/\/api.w.org\/{rel}","templated":true}]}}